{"id":7269,"date":"2025-01-02T21:04:40","date_gmt":"2025-01-02T21:04:40","guid":{"rendered":"https:\/\/vality.com.mx\/?post_type=product&#038;p=7269"},"modified":"2025-05-20T20:54:03","modified_gmt":"2025-05-20T20:54:03","slug":"asesoria-impuesto-cedular-guanajuato","status":"publish","type":"product","link":"https:\/\/vality.com.mx\/en\/producto\/asesoria-impuesto-cedular-guanajuato\/","title":{"rendered":"Capacitaci\u00f3n + Asesor\u00eda Impuesto Cedular Guanajuato."},"content":{"rendered":"<p>Ofrecemos asesor\u00eda personalizada para entender y cumplir con el Impuesto Cedular en Guanajuato. Nuestro servicio incluye:<\/p>\n<p class=\"p1\"><span class=\"s1\">\u2705<\/span> Explicaci\u00f3n clara del impuesto cedular<br \/>\n<span class=\"s1\">\u2705<\/span> Gu\u00eda paso a paso en el portal SATEG<br \/>\n<span class=\"s1\">\u2705<\/span> Resoluci\u00f3n de dudas<br \/>\n<span class=\"s1\">\u2705<\/span> Material y papeles de trabajo para la presentaci\u00f3n del impuesto.<\/p>\n<p>Simplifica tu cumplimiento fiscal con nosotros. \u00a1Agenda tu sesi\u00f3n ahora!<\/p>\n","protected":false},"excerpt":{"rendered":"<p>Orientaci\u00f3n experta sobre el Impuesto Cedular en Guanajuato.<\/p>\n","protected":false},"featured_media":7270,"comment_status":"open","ping_status":"closed","template":"","meta":{"site-sidebar-layout":"default","site-content-layout":"","ast-site-content-layout":"default","site-content-style":"default","site-sidebar-style":"default","ast-global-header-display":"","ast-banner-title-visibility":"","ast-main-header-display":"","ast-hfb-above-header-display":"","ast-hfb-below-header-display":"","ast-hfb-mobile-header-display":"","site-post-title":"","ast-breadcrumbs-content":"","ast-featured-img":"","footer-sml-layout":"","ast-disable-related-posts":"","theme-transparent-header-meta":"default","adv-header-id-meta":"","stick-header-meta":"","header-above-stick-meta":"","header-main-stick-meta":"","header-below-stick-meta":"","astra-migrate-meta-layouts":"set","ast-page-background-enabled":"default","ast-page-background-meta":{"desktop":{"background-color":"","background-image":"","background-repeat":"repeat","background-position":"center center","background-size":"auto","background-attachment":"scroll","background-type":"","background-media":"","overlay-type":"","overlay-color":"","overlay-opacity":"","overlay-gradient":""},"tablet":{"background-color":"","background-image":"","background-repeat":"repeat","background-position":"center center","background-size":"auto","background-attachment":"scroll","background-type":"","background-media":"","overlay-type":"","overlay-color":"","overlay-opacity":"","overlay-gradient":""},"mobile":{"background-color":"","background-image":"","background-repeat":"repeat","background-position":"center center","background-size":"auto","background-attachment":"scroll","background-type":"","background-media":"","overlay-type":"","overlay-color":"","overlay-opacity":"","overlay-gradient":""}},"ast-content-background-meta":{"desktop":{"background-color":"var(--ast-global-color-5)","background-image":"","background-repeat":"repeat","background-position":"center center","background-size":"auto","background-attachment":"scroll","background-type":"","background-media":"","overlay-type":"","overlay-color":"","overlay-opacity":"","overlay-gradient":""},"tablet":{"background-color":"var(--ast-global-color-5)","background-image":"","background-repeat":"repeat","background-position":"center center","background-size":"auto","background-attachment":"scroll","background-type":"","background-media":"","overlay-type":"","overlay-color":"","overlay-opacity":"","overlay-gradient":""},"mobile":{"background-color":"var(--ast-global-color-5)","background-image":"","background-repeat":"repeat","background-position":"center center","background-size":"auto","background-attachment":"scroll","background-type":"","background-media":"","overlay-type":"","overlay-color":"","overlay-opacity":"","overlay-gradient":""}}},"product_brand":[],"product_cat":[837,835,838],"product_tag":[865,863,866,867,864,965,964,963],"class_list":{"0":"post-7269","1":"product","2":"type-product","3":"status-publish","4":"has-post-thumbnail","6":"product_cat-asesoria","7":"product_cat-formatos","8":"product_cat-servicios","9":"product_tag-asesoria-fiscal","10":"product_tag-asesoria-impuesto-cedular","11":"product_tag-cumplimiento-fiscal","12":"product_tag-declaracion-de-impuestos","13":"product_tag-impuesto-cedular-guanajuato","14":"product_tag-impuestos-locales","15":"product_tag-resico","16":"product_tag-resico-para-el-estado-de-guanajuato","17":"desktop-align-left","18":"tablet-align-left","19":"mobile-align-left","20":"ast-product-gallery-layout-horizontal-slider","21":"ast-product-gallery-with-no-image","22":"ast-product-tabs-layout-horizontal","24":"first","25":"instock","26":"virtual","27":"purchasable","28":"product-type-simple"},"yoast_head":"<!-- This site is optimized with the Yoast SEO plugin v26.8 - https:\/\/yoast.com\/product\/yoast-seo-wordpress\/ -->\n<title>Capacitaci\u00f3n + Asesor\u00eda Impuesto Cedular Guanajuato. - Vality Consulting Group<\/title>\n<meta name=\"description\" content=\"\u00bfNecesitas ayuda con el Impuesto Cedular en Guanajuato? Te ofrecemos asesor\u00eda personalizada, herramientas de c\u00e1lculo y asistencia para presentar tu declaraci\u00f3n. Simplifica tu cumplimiento fiscal con nosotros. \u00a1Agenda tu sesi\u00f3n ahora!\" \/>\n<meta name=\"robots\" content=\"index, follow, max-snippet:-1, max-image-preview:large, max-video-preview:-1\" \/>\n<link rel=\"canonical\" href=\"https:\/\/vality.com.mx\/producto\/asesoria-impuesto-cedular-guanajuato\/\" \/>\n<meta property=\"og:locale\" content=\"en_US\" \/>\n<meta property=\"og:type\" content=\"article\" \/>\n<meta property=\"og:title\" content=\"Capacitaci\u00f3n + Asesor\u00eda Impuesto Cedular Guanajuato. - Vality Consulting Group\" \/>\n<meta property=\"og:description\" content=\"\u00bfNecesitas ayuda con el Impuesto Cedular en Guanajuato? Te ofrecemos asesor\u00eda personalizada, herramientas de c\u00e1lculo y asistencia para presentar tu declaraci\u00f3n. Simplifica tu cumplimiento fiscal con nosotros. \u00a1Agenda tu sesi\u00f3n ahora!\" \/>\n<meta property=\"og:url\" content=\"https:\/\/vality.com.mx\/producto\/asesoria-impuesto-cedular-guanajuato\/\" \/>\n<meta property=\"og:site_name\" content=\"Vality Consulting Group\" \/>\n<meta property=\"article:modified_time\" content=\"2025-05-20T20:54:03+00:00\" \/>\n<meta property=\"og:image\" content=\"https:\/\/vality.com.mx\/wp-content\/uploads\/2025\/01\/DALL\u00b7E-2025-01-02-15.02.46-A-realistic-and-approachable-scene-of-a-tax-advisory-service-in-Guanajuato-with-a-modern-industrial-style-office-background.-The-scene-features-a-man.webp\" \/>\n\t<meta property=\"og:image:width\" content=\"1024\" \/>\n\t<meta property=\"og:image:height\" content=\"1024\" \/>\n\t<meta property=\"og:image:type\" content=\"image\/webp\" \/>\n<meta name=\"twitter:card\" content=\"summary_large_image\" \/>\n<meta name=\"twitter:label1\" content=\"Est. reading time\" \/>\n\t<meta name=\"twitter:data1\" content=\"1 minute\" \/>\n<script type=\"application\/ld+json\" class=\"yoast-schema-graph\">{\"@context\":\"https:\/\/schema.org\",\"@graph\":[{\"@type\":\"WebPage\",\"@id\":\"https:\/\/vality.com.mx\/producto\/asesoria-impuesto-cedular-guanajuato\/\",\"url\":\"https:\/\/vality.com.mx\/producto\/asesoria-impuesto-cedular-guanajuato\/\",\"name\":\"Capacitaci\u00f3n + Asesor\u00eda Impuesto Cedular Guanajuato. - Vality Consulting Group\",\"isPartOf\":{\"@id\":\"https:\/\/vality.com.mx\/#website\"},\"primaryImageOfPage\":{\"@id\":\"https:\/\/vality.com.mx\/producto\/asesoria-impuesto-cedular-guanajuato\/#primaryimage\"},\"image\":{\"@id\":\"https:\/\/vality.com.mx\/producto\/asesoria-impuesto-cedular-guanajuato\/#primaryimage\"},\"thumbnailUrl\":\"https:\/\/vality.com.mx\/wp-content\/uploads\/2025\/01\/DALL\u00b7E-2025-01-02-15.02.46-A-realistic-and-approachable-scene-of-a-tax-advisory-service-in-Guanajuato-with-a-modern-industrial-style-office-background.-The-scene-features-a-man.webp\",\"datePublished\":\"2025-01-02T21:04:40+00:00\",\"dateModified\":\"2025-05-20T20:54:03+00:00\",\"description\":\"\u00bfNecesitas ayuda con el Impuesto Cedular en Guanajuato? Te ofrecemos asesor\u00eda personalizada, herramientas de c\u00e1lculo y asistencia para presentar tu declaraci\u00f3n. Simplifica tu cumplimiento fiscal con nosotros. \u00a1Agenda tu sesi\u00f3n ahora!\",\"breadcrumb\":{\"@id\":\"https:\/\/vality.com.mx\/producto\/asesoria-impuesto-cedular-guanajuato\/#breadcrumb\"},\"inLanguage\":\"en-US\",\"potentialAction\":[{\"@type\":\"ReadAction\",\"target\":[\"https:\/\/vality.com.mx\/producto\/asesoria-impuesto-cedular-guanajuato\/\"]}]},{\"@type\":\"ImageObject\",\"inLanguage\":\"en-US\",\"@id\":\"https:\/\/vality.com.mx\/producto\/asesoria-impuesto-cedular-guanajuato\/#primaryimage\",\"url\":\"https:\/\/vality.com.mx\/wp-content\/uploads\/2025\/01\/DALL\u00b7E-2025-01-02-15.02.46-A-realistic-and-approachable-scene-of-a-tax-advisory-service-in-Guanajuato-with-a-modern-industrial-style-office-background.-The-scene-features-a-man.webp\",\"contentUrl\":\"https:\/\/vality.com.mx\/wp-content\/uploads\/2025\/01\/DALL\u00b7E-2025-01-02-15.02.46-A-realistic-and-approachable-scene-of-a-tax-advisory-service-in-Guanajuato-with-a-modern-industrial-style-office-background.-The-scene-features-a-man.webp\",\"width\":1024,\"height\":1024},{\"@type\":\"BreadcrumbList\",\"@id\":\"https:\/\/vality.com.mx\/producto\/asesoria-impuesto-cedular-guanajuato\/#breadcrumb\",\"itemListElement\":[{\"@type\":\"ListItem\",\"position\":1,\"name\":\"Portada\",\"item\":\"https:\/\/vality.com.mx\/en\/\"},{\"@type\":\"ListItem\",\"position\":2,\"name\":\"Tienda\",\"item\":\"https:\/\/vality.com.mx\/cursos\/\"},{\"@type\":\"ListItem\",\"position\":3,\"name\":\"Capacitaci\u00f3n + Asesor\u00eda Impuesto Cedular Guanajuato.\"}]},{\"@type\":\"WebSite\",\"@id\":\"https:\/\/vality.com.mx\/#website\",\"url\":\"https:\/\/vality.com.mx\/\",\"name\":\"Vality Consulting Group\",\"description\":\"Firma Legal especializada Derecho Corporativo, Derecho de las empresas\",\"publisher\":{\"@id\":\"https:\/\/vality.com.mx\/#organization\"},\"potentialAction\":[{\"@type\":\"SearchAction\",\"target\":{\"@type\":\"EntryPoint\",\"urlTemplate\":\"https:\/\/vality.com.mx\/?s={search_term_string}\"},\"query-input\":{\"@type\":\"PropertyValueSpecification\",\"valueRequired\":true,\"valueName\":\"search_term_string\"}}],\"inLanguage\":\"en-US\"},{\"@type\":\"Organization\",\"@id\":\"https:\/\/vality.com.mx\/#organization\",\"name\":\"Vality Consulting Group\",\"url\":\"https:\/\/vality.com.mx\/\",\"logo\":{\"@type\":\"ImageObject\",\"inLanguage\":\"en-US\",\"@id\":\"https:\/\/vality.com.mx\/#\/schema\/logo\/image\/\",\"url\":\"https:\/\/vality.com.mx\/wp-content\/uploads\/2020\/10\/cropped-Logotipo-color.png\",\"contentUrl\":\"https:\/\/vality.com.mx\/wp-content\/uploads\/2020\/10\/cropped-Logotipo-color.png\",\"width\":1210,\"height\":978,\"caption\":\"Vality Consulting Group\"},\"image\":{\"@id\":\"https:\/\/vality.com.mx\/#\/schema\/logo\/image\/\"}}]}<\/script>\n<!-- \/ Yoast SEO plugin. -->","yoast_head_json":{"title":"Capacitaci\u00f3n + Asesor\u00eda Impuesto Cedular Guanajuato. - Vality Consulting Group","description":"\u00bfNecesitas ayuda con el Impuesto Cedular en Guanajuato? Te ofrecemos asesor\u00eda personalizada, herramientas de c\u00e1lculo y asistencia para presentar tu declaraci\u00f3n. Simplifica tu cumplimiento fiscal con nosotros. \u00a1Agenda tu sesi\u00f3n ahora!","robots":{"index":"index","follow":"follow","max-snippet":"max-snippet:-1","max-image-preview":"max-image-preview:large","max-video-preview":"max-video-preview:-1"},"canonical":"https:\/\/vality.com.mx\/producto\/asesoria-impuesto-cedular-guanajuato\/","og_locale":"en_US","og_type":"article","og_title":"Capacitaci\u00f3n + Asesor\u00eda Impuesto Cedular Guanajuato. - Vality Consulting Group","og_description":"\u00bfNecesitas ayuda con el Impuesto Cedular en Guanajuato? Te ofrecemos asesor\u00eda personalizada, herramientas de c\u00e1lculo y asistencia para presentar tu declaraci\u00f3n. Simplifica tu cumplimiento fiscal con nosotros. \u00a1Agenda tu sesi\u00f3n ahora!","og_url":"https:\/\/vality.com.mx\/producto\/asesoria-impuesto-cedular-guanajuato\/","og_site_name":"Vality Consulting Group","article_modified_time":"2025-05-20T20:54:03+00:00","og_image":[{"width":1024,"height":1024,"url":"https:\/\/vality.com.mx\/wp-content\/uploads\/2025\/01\/DALL\u00b7E-2025-01-02-15.02.46-A-realistic-and-approachable-scene-of-a-tax-advisory-service-in-Guanajuato-with-a-modern-industrial-style-office-background.-The-scene-features-a-man.webp","type":"image\/webp"}],"twitter_card":"summary_large_image","twitter_misc":{"Est. reading time":"1 minute"},"schema":{"@context":"https:\/\/schema.org","@graph":[{"@type":"WebPage","@id":"https:\/\/vality.com.mx\/producto\/asesoria-impuesto-cedular-guanajuato\/","url":"https:\/\/vality.com.mx\/producto\/asesoria-impuesto-cedular-guanajuato\/","name":"Capacitaci\u00f3n + Asesor\u00eda Impuesto Cedular Guanajuato. - Vality Consulting Group","isPartOf":{"@id":"https:\/\/vality.com.mx\/#website"},"primaryImageOfPage":{"@id":"https:\/\/vality.com.mx\/producto\/asesoria-impuesto-cedular-guanajuato\/#primaryimage"},"image":{"@id":"https:\/\/vality.com.mx\/producto\/asesoria-impuesto-cedular-guanajuato\/#primaryimage"},"thumbnailUrl":"https:\/\/vality.com.mx\/wp-content\/uploads\/2025\/01\/DALL\u00b7E-2025-01-02-15.02.46-A-realistic-and-approachable-scene-of-a-tax-advisory-service-in-Guanajuato-with-a-modern-industrial-style-office-background.-The-scene-features-a-man.webp","datePublished":"2025-01-02T21:04:40+00:00","dateModified":"2025-05-20T20:54:03+00:00","description":"\u00bfNecesitas ayuda con el Impuesto Cedular en Guanajuato? Te ofrecemos asesor\u00eda personalizada, herramientas de c\u00e1lculo y asistencia para presentar tu declaraci\u00f3n. Simplifica tu cumplimiento fiscal con nosotros. \u00a1Agenda tu sesi\u00f3n ahora!","breadcrumb":{"@id":"https:\/\/vality.com.mx\/producto\/asesoria-impuesto-cedular-guanajuato\/#breadcrumb"},"inLanguage":"en-US","potentialAction":[{"@type":"ReadAction","target":["https:\/\/vality.com.mx\/producto\/asesoria-impuesto-cedular-guanajuato\/"]}]},{"@type":"ImageObject","inLanguage":"en-US","@id":"https:\/\/vality.com.mx\/producto\/asesoria-impuesto-cedular-guanajuato\/#primaryimage","url":"https:\/\/vality.com.mx\/wp-content\/uploads\/2025\/01\/DALL\u00b7E-2025-01-02-15.02.46-A-realistic-and-approachable-scene-of-a-tax-advisory-service-in-Guanajuato-with-a-modern-industrial-style-office-background.-The-scene-features-a-man.webp","contentUrl":"https:\/\/vality.com.mx\/wp-content\/uploads\/2025\/01\/DALL\u00b7E-2025-01-02-15.02.46-A-realistic-and-approachable-scene-of-a-tax-advisory-service-in-Guanajuato-with-a-modern-industrial-style-office-background.-The-scene-features-a-man.webp","width":1024,"height":1024},{"@type":"BreadcrumbList","@id":"https:\/\/vality.com.mx\/producto\/asesoria-impuesto-cedular-guanajuato\/#breadcrumb","itemListElement":[{"@type":"ListItem","position":1,"name":"Portada","item":"https:\/\/vality.com.mx\/en\/"},{"@type":"ListItem","position":2,"name":"Tienda","item":"https:\/\/vality.com.mx\/cursos\/"},{"@type":"ListItem","position":3,"name":"Capacitaci\u00f3n + Asesor\u00eda Impuesto Cedular Guanajuato."}]},{"@type":"WebSite","@id":"https:\/\/vality.com.mx\/#website","url":"https:\/\/vality.com.mx\/","name":"Vality Consulting Group","description":"Firma Legal especializada Derecho Corporativo, Derecho de las empresas","publisher":{"@id":"https:\/\/vality.com.mx\/#organization"},"potentialAction":[{"@type":"SearchAction","target":{"@type":"EntryPoint","urlTemplate":"https:\/\/vality.com.mx\/?s={search_term_string}"},"query-input":{"@type":"PropertyValueSpecification","valueRequired":true,"valueName":"search_term_string"}}],"inLanguage":"en-US"},{"@type":"Organization","@id":"https:\/\/vality.com.mx\/#organization","name":"Vality Consulting Group","url":"https:\/\/vality.com.mx\/","logo":{"@type":"ImageObject","inLanguage":"en-US","@id":"https:\/\/vality.com.mx\/#\/schema\/logo\/image\/","url":"https:\/\/vality.com.mx\/wp-content\/uploads\/2020\/10\/cropped-Logotipo-color.png","contentUrl":"https:\/\/vality.com.mx\/wp-content\/uploads\/2020\/10\/cropped-Logotipo-color.png","width":1210,"height":978,"caption":"Vality Consulting Group"},"image":{"@id":"https:\/\/vality.com.mx\/#\/schema\/logo\/image\/"}}]}},"_links":{"self":[{"href":"https:\/\/vality.com.mx\/en\/wp-json\/wp\/v2\/product\/7269","targetHints":{"allow":["GET"]}}],"collection":[{"href":"https:\/\/vality.com.mx\/en\/wp-json\/wp\/v2\/product"}],"about":[{"href":"https:\/\/vality.com.mx\/en\/wp-json\/wp\/v2\/types\/product"}],"replies":[{"embeddable":true,"href":"https:\/\/vality.com.mx\/en\/wp-json\/wp\/v2\/comments?post=7269"}],"wp:featuredmedia":[{"embeddable":true,"href":"https:\/\/vality.com.mx\/en\/wp-json\/wp\/v2\/media\/7270"}],"wp:attachment":[{"href":"https:\/\/vality.com.mx\/en\/wp-json\/wp\/v2\/media?parent=7269"}],"wp:term":[{"taxonomy":"product_brand","embeddable":true,"href":"https:\/\/vality.com.mx\/en\/wp-json\/wp\/v2\/product_brand?post=7269"},{"taxonomy":"product_cat","embeddable":true,"href":"https:\/\/vality.com.mx\/en\/wp-json\/wp\/v2\/product_cat?post=7269"},{"taxonomy":"product_tag","embeddable":true,"href":"https:\/\/vality.com.mx\/en\/wp-json\/wp\/v2\/product_tag?post=7269"}],"curies":[{"name":"wp","href":"https:\/\/api.w.org\/{rel}","templated":true}]}}