{"id":7348,"date":"2025-01-27T23:10:54","date_gmt":"2025-01-27T23:10:54","guid":{"rendered":"https:\/\/vality.com.mx\/?post_type=product&#038;p=7348"},"modified":"2025-04-10T02:58:16","modified_gmt":"2025-04-10T02:58:16","slug":"asesoria-legal-empresarial","status":"publish","type":"product","link":"https:\/\/vality.com.mx\/en\/producto\/asesoria-legal-empresarial\/","title":{"rendered":"Asesor\u00eda Legal Empresarial"},"content":{"rendered":"<p>En Vality ofrecemos asesor\u00eda legal empresarial especializada, acompa\u00f1\u00e1ndote desde la constituci\u00f3n de tu sociedad hasta la gesti\u00f3n de contratos y el cumplimiento normativo. Nuestro enfoque preventivo y estrat\u00e9gico ayuda a minimizar los riesgos legales, optimizar los procesos internos y proteger el crecimiento de su empresa. <br data-start=\"512\" data-end=\"515\" \/>Conf\u00eda en expertos que te respaldar\u00e1n en cada etapa de tu negocio. <br data-start=\"579\" data-end=\"582\" \/>\ud83d\udc49 Conoce m\u00e1s en <a class=\"\" href=\"https:\/\/vality.com.mx\/\" target=\"_new\" rel=\"noopener\" data-start=\"599\" data-end=\"638\">vality.com.mx<\/a><\/p>\n","protected":false},"excerpt":{"rendered":"<p>Ofrecemos asesor\u00eda legal empresarial para proteger tu negocio. Desde la constituci\u00f3n de sociedades hasta la gesti\u00f3n de contratos y cumplimiento normativo, te ayudamos a minimizar los riesgos y fortalecer tu seguridad jur\u00eddica.<\/p>\n","protected":false},"featured_media":7349,"comment_status":"open","ping_status":"closed","template":"","meta":{"site-sidebar-layout":"default","site-content-layout":"","ast-site-content-layout":"default","site-content-style":"default","site-sidebar-style":"default","ast-global-header-display":"","ast-banner-title-visibility":"","ast-main-header-display":"","ast-hfb-above-header-display":"","ast-hfb-below-header-display":"","ast-hfb-mobile-header-display":"","site-post-title":"","ast-breadcrumbs-content":"","ast-featured-img":"","footer-sml-layout":"","ast-disable-related-posts":"","theme-transparent-header-meta":"default","adv-header-id-meta":"","stick-header-meta":"","header-above-stick-meta":"","header-main-stick-meta":"","header-below-stick-meta":"","astra-migrate-meta-layouts":"set","ast-page-background-enabled":"default","ast-page-background-meta":{"desktop":{"background-color":"","background-image":"","background-repeat":"repeat","background-position":"center center","background-size":"auto","background-attachment":"scroll","background-type":"","background-media":"","overlay-type":"","overlay-color":"","overlay-opacity":"","overlay-gradient":""},"tablet":{"background-color":"","background-image":"","background-repeat":"repeat","background-position":"center center","background-size":"auto","background-attachment":"scroll","background-type":"","background-media":"","overlay-type":"","overlay-color":"","overlay-opacity":"","overlay-gradient":""},"mobile":{"background-color":"","background-image":"","background-repeat":"repeat","background-position":"center center","background-size":"auto","background-attachment":"scroll","background-type":"","background-media":"","overlay-type":"","overlay-color":"","overlay-opacity":"","overlay-gradient":""}},"ast-content-background-meta":{"desktop":{"background-color":"var(--ast-global-color-5)","background-image":"","background-repeat":"repeat","background-position":"center center","background-size":"auto","background-attachment":"scroll","background-type":"","background-media":"","overlay-type":"","overlay-color":"","overlay-opacity":"","overlay-gradient":""},"tablet":{"background-color":"var(--ast-global-color-5)","background-image":"","background-repeat":"repeat","background-position":"center center","background-size":"auto","background-attachment":"scroll","background-type":"","background-media":"","overlay-type":"","overlay-color":"","overlay-opacity":"","overlay-gradient":""},"mobile":{"background-color":"var(--ast-global-color-5)","background-image":"","background-repeat":"repeat","background-position":"center center","background-size":"auto","background-attachment":"scroll","background-type":"","background-media":"","overlay-type":"","overlay-color":"","overlay-opacity":"","overlay-gradient":""}}},"product_brand":[],"product_cat":[838],"product_tag":[913,839,910,843,911,870,841,840,842,912,915,914,844],"class_list":{"0":"post-7348","1":"product","2":"type-product","3":"status-publish","4":"has-post-thumbnail","6":"product_cat-servicios","7":"product_tag-asesoria-juridica-empresarial","8":"product_tag-asesoria-legal-empresarial","9":"product_tag-asesoria-legal-para-empresas","10":"product_tag-constitucion-de-empresas","11":"product_tag-constitucion-de-sociedades","12":"product_tag-contratos-laborales","13":"product_tag-cumplimiento-normativo","14":"product_tag-derecho-corporativo","15":"product_tag-gestion-de-contratos","16":"product_tag-prevencion-de-riesgos-legales","17":"product_tag-proteccion-legal-para-empresas","18":"product_tag-seguridad-juridica-empresarial","19":"product_tag-servicios-legales-para-empresas","20":"desktop-align-left","21":"tablet-align-left","22":"mobile-align-left","23":"ast-product-gallery-layout-horizontal-slider","24":"ast-product-gallery-with-no-image","25":"ast-product-tabs-layout-horizontal","27":"first","28":"instock","29":"shipping-taxable","30":"product-type-simple"},"yoast_head":"<!-- This site is optimized with the Yoast SEO plugin v26.8 - https:\/\/yoast.com\/product\/yoast-seo-wordpress\/ -->\n<title>Asesor\u00eda Legal Empresarial - Vality Consulting Group<\/title>\n<meta name=\"description\" content=\"Brinda protecci\u00f3n legal completa a tu empresa con nuestra asesor\u00eda legal empresarial. Te acompa\u00f1amos desde la constituci\u00f3n de sociedades hasta la gesti\u00f3n de contratos y cumplimiento normativo. Minimiza los riesgos y fortalece tu seguridad jur\u00eddica.\" \/>\n<meta name=\"robots\" content=\"index, follow, max-snippet:-1, max-image-preview:large, max-video-preview:-1\" \/>\n<link rel=\"canonical\" href=\"https:\/\/vality.com.mx\/producto\/asesoria-legal-empresarial\/\" \/>\n<meta property=\"og:locale\" content=\"en_US\" \/>\n<meta property=\"og:type\" content=\"article\" \/>\n<meta property=\"og:title\" content=\"Asesor\u00eda Legal Empresarial - Vality Consulting Group\" \/>\n<meta property=\"og:description\" content=\"Brinda protecci\u00f3n legal completa a tu empresa con nuestra asesor\u00eda legal empresarial. Te acompa\u00f1amos desde la constituci\u00f3n de sociedades hasta la gesti\u00f3n de contratos y cumplimiento normativo. Minimiza los riesgos y fortalece tu seguridad jur\u00eddica.\" \/>\n<meta property=\"og:url\" content=\"https:\/\/vality.com.mx\/producto\/asesoria-legal-empresarial\/\" \/>\n<meta property=\"og:site_name\" content=\"Vality Consulting Group\" \/>\n<meta property=\"article:modified_time\" content=\"2025-04-10T02:58:16+00:00\" \/>\n<meta property=\"og:image\" content=\"https:\/\/vality.com.mx\/wp-content\/uploads\/2025\/01\/1.jpg\" \/>\n\t<meta property=\"og:image:width\" content=\"1080\" \/>\n\t<meta property=\"og:image:height\" content=\"1080\" \/>\n\t<meta property=\"og:image:type\" content=\"image\/jpeg\" \/>\n<meta name=\"twitter:card\" content=\"summary_large_image\" \/>\n<meta name=\"twitter:label1\" content=\"Est. reading time\" \/>\n\t<meta name=\"twitter:data1\" content=\"1 minute\" \/>\n<script type=\"application\/ld+json\" class=\"yoast-schema-graph\">{\"@context\":\"https:\/\/schema.org\",\"@graph\":[{\"@type\":\"WebPage\",\"@id\":\"https:\/\/vality.com.mx\/producto\/asesoria-legal-empresarial\/\",\"url\":\"https:\/\/vality.com.mx\/producto\/asesoria-legal-empresarial\/\",\"name\":\"Asesor\u00eda Legal Empresarial - Vality Consulting Group\",\"isPartOf\":{\"@id\":\"https:\/\/vality.com.mx\/#website\"},\"primaryImageOfPage\":{\"@id\":\"https:\/\/vality.com.mx\/producto\/asesoria-legal-empresarial\/#primaryimage\"},\"image\":{\"@id\":\"https:\/\/vality.com.mx\/producto\/asesoria-legal-empresarial\/#primaryimage\"},\"thumbnailUrl\":\"https:\/\/vality.com.mx\/wp-content\/uploads\/2025\/01\/1.jpg\",\"datePublished\":\"2025-01-27T23:10:54+00:00\",\"dateModified\":\"2025-04-10T02:58:16+00:00\",\"description\":\"Brinda protecci\u00f3n legal completa a tu empresa con nuestra asesor\u00eda legal empresarial. Te acompa\u00f1amos desde la constituci\u00f3n de sociedades hasta la gesti\u00f3n de contratos y cumplimiento normativo. Minimiza los riesgos y fortalece tu seguridad jur\u00eddica.\",\"breadcrumb\":{\"@id\":\"https:\/\/vality.com.mx\/producto\/asesoria-legal-empresarial\/#breadcrumb\"},\"inLanguage\":\"en-US\",\"potentialAction\":[{\"@type\":\"ReadAction\",\"target\":[\"https:\/\/vality.com.mx\/producto\/asesoria-legal-empresarial\/\"]}]},{\"@type\":\"ImageObject\",\"inLanguage\":\"en-US\",\"@id\":\"https:\/\/vality.com.mx\/producto\/asesoria-legal-empresarial\/#primaryimage\",\"url\":\"https:\/\/vality.com.mx\/wp-content\/uploads\/2025\/01\/1.jpg\",\"contentUrl\":\"https:\/\/vality.com.mx\/wp-content\/uploads\/2025\/01\/1.jpg\",\"width\":1080,\"height\":1080},{\"@type\":\"BreadcrumbList\",\"@id\":\"https:\/\/vality.com.mx\/producto\/asesoria-legal-empresarial\/#breadcrumb\",\"itemListElement\":[{\"@type\":\"ListItem\",\"position\":1,\"name\":\"Portada\",\"item\":\"https:\/\/vality.com.mx\/en\/\"},{\"@type\":\"ListItem\",\"position\":2,\"name\":\"Tienda\",\"item\":\"https:\/\/vality.com.mx\/cursos\/\"},{\"@type\":\"ListItem\",\"position\":3,\"name\":\"Asesor\u00eda Legal Empresarial\"}]},{\"@type\":\"WebSite\",\"@id\":\"https:\/\/vality.com.mx\/#website\",\"url\":\"https:\/\/vality.com.mx\/\",\"name\":\"Vality Consulting Group\",\"description\":\"Firma Legal especializada Derecho Corporativo, Derecho de las empresas\",\"publisher\":{\"@id\":\"https:\/\/vality.com.mx\/#organization\"},\"potentialAction\":[{\"@type\":\"SearchAction\",\"target\":{\"@type\":\"EntryPoint\",\"urlTemplate\":\"https:\/\/vality.com.mx\/?s={search_term_string}\"},\"query-input\":{\"@type\":\"PropertyValueSpecification\",\"valueRequired\":true,\"valueName\":\"search_term_string\"}}],\"inLanguage\":\"en-US\"},{\"@type\":\"Organization\",\"@id\":\"https:\/\/vality.com.mx\/#organization\",\"name\":\"Vality Consulting Group\",\"url\":\"https:\/\/vality.com.mx\/\",\"logo\":{\"@type\":\"ImageObject\",\"inLanguage\":\"en-US\",\"@id\":\"https:\/\/vality.com.mx\/#\/schema\/logo\/image\/\",\"url\":\"https:\/\/vality.com.mx\/wp-content\/uploads\/2020\/10\/cropped-Logotipo-color.png\",\"contentUrl\":\"https:\/\/vality.com.mx\/wp-content\/uploads\/2020\/10\/cropped-Logotipo-color.png\",\"width\":1210,\"height\":978,\"caption\":\"Vality Consulting Group\"},\"image\":{\"@id\":\"https:\/\/vality.com.mx\/#\/schema\/logo\/image\/\"}}]}<\/script>\n<!-- \/ Yoast SEO plugin. -->","yoast_head_json":{"title":"Asesor\u00eda Legal Empresarial - Vality Consulting Group","description":"Brinda protecci\u00f3n legal completa a tu empresa con nuestra asesor\u00eda legal empresarial. Te acompa\u00f1amos desde la constituci\u00f3n de sociedades hasta la gesti\u00f3n de contratos y cumplimiento normativo. Minimiza los riesgos y fortalece tu seguridad jur\u00eddica.","robots":{"index":"index","follow":"follow","max-snippet":"max-snippet:-1","max-image-preview":"max-image-preview:large","max-video-preview":"max-video-preview:-1"},"canonical":"https:\/\/vality.com.mx\/producto\/asesoria-legal-empresarial\/","og_locale":"en_US","og_type":"article","og_title":"Asesor\u00eda Legal Empresarial - Vality Consulting Group","og_description":"Brinda protecci\u00f3n legal completa a tu empresa con nuestra asesor\u00eda legal empresarial. Te acompa\u00f1amos desde la constituci\u00f3n de sociedades hasta la gesti\u00f3n de contratos y cumplimiento normativo. Minimiza los riesgos y fortalece tu seguridad jur\u00eddica.","og_url":"https:\/\/vality.com.mx\/producto\/asesoria-legal-empresarial\/","og_site_name":"Vality Consulting Group","article_modified_time":"2025-04-10T02:58:16+00:00","og_image":[{"width":1080,"height":1080,"url":"https:\/\/vality.com.mx\/wp-content\/uploads\/2025\/01\/1.jpg","type":"image\/jpeg"}],"twitter_card":"summary_large_image","twitter_misc":{"Est. reading time":"1 minute"},"schema":{"@context":"https:\/\/schema.org","@graph":[{"@type":"WebPage","@id":"https:\/\/vality.com.mx\/producto\/asesoria-legal-empresarial\/","url":"https:\/\/vality.com.mx\/producto\/asesoria-legal-empresarial\/","name":"Asesor\u00eda Legal Empresarial - Vality Consulting Group","isPartOf":{"@id":"https:\/\/vality.com.mx\/#website"},"primaryImageOfPage":{"@id":"https:\/\/vality.com.mx\/producto\/asesoria-legal-empresarial\/#primaryimage"},"image":{"@id":"https:\/\/vality.com.mx\/producto\/asesoria-legal-empresarial\/#primaryimage"},"thumbnailUrl":"https:\/\/vality.com.mx\/wp-content\/uploads\/2025\/01\/1.jpg","datePublished":"2025-01-27T23:10:54+00:00","dateModified":"2025-04-10T02:58:16+00:00","description":"Brinda protecci\u00f3n legal completa a tu empresa con nuestra asesor\u00eda legal empresarial. Te acompa\u00f1amos desde la constituci\u00f3n de sociedades hasta la gesti\u00f3n de contratos y cumplimiento normativo. Minimiza los riesgos y fortalece tu seguridad jur\u00eddica.","breadcrumb":{"@id":"https:\/\/vality.com.mx\/producto\/asesoria-legal-empresarial\/#breadcrumb"},"inLanguage":"en-US","potentialAction":[{"@type":"ReadAction","target":["https:\/\/vality.com.mx\/producto\/asesoria-legal-empresarial\/"]}]},{"@type":"ImageObject","inLanguage":"en-US","@id":"https:\/\/vality.com.mx\/producto\/asesoria-legal-empresarial\/#primaryimage","url":"https:\/\/vality.com.mx\/wp-content\/uploads\/2025\/01\/1.jpg","contentUrl":"https:\/\/vality.com.mx\/wp-content\/uploads\/2025\/01\/1.jpg","width":1080,"height":1080},{"@type":"BreadcrumbList","@id":"https:\/\/vality.com.mx\/producto\/asesoria-legal-empresarial\/#breadcrumb","itemListElement":[{"@type":"ListItem","position":1,"name":"Portada","item":"https:\/\/vality.com.mx\/en\/"},{"@type":"ListItem","position":2,"name":"Tienda","item":"https:\/\/vality.com.mx\/cursos\/"},{"@type":"ListItem","position":3,"name":"Asesor\u00eda Legal Empresarial"}]},{"@type":"WebSite","@id":"https:\/\/vality.com.mx\/#website","url":"https:\/\/vality.com.mx\/","name":"Vality Consulting Group","description":"Firma Legal especializada Derecho Corporativo, Derecho de las empresas","publisher":{"@id":"https:\/\/vality.com.mx\/#organization"},"potentialAction":[{"@type":"SearchAction","target":{"@type":"EntryPoint","urlTemplate":"https:\/\/vality.com.mx\/?s={search_term_string}"},"query-input":{"@type":"PropertyValueSpecification","valueRequired":true,"valueName":"search_term_string"}}],"inLanguage":"en-US"},{"@type":"Organization","@id":"https:\/\/vality.com.mx\/#organization","name":"Vality Consulting Group","url":"https:\/\/vality.com.mx\/","logo":{"@type":"ImageObject","inLanguage":"en-US","@id":"https:\/\/vality.com.mx\/#\/schema\/logo\/image\/","url":"https:\/\/vality.com.mx\/wp-content\/uploads\/2020\/10\/cropped-Logotipo-color.png","contentUrl":"https:\/\/vality.com.mx\/wp-content\/uploads\/2020\/10\/cropped-Logotipo-color.png","width":1210,"height":978,"caption":"Vality Consulting Group"},"image":{"@id":"https:\/\/vality.com.mx\/#\/schema\/logo\/image\/"}}]}},"_links":{"self":[{"href":"https:\/\/vality.com.mx\/en\/wp-json\/wp\/v2\/product\/7348","targetHints":{"allow":["GET"]}}],"collection":[{"href":"https:\/\/vality.com.mx\/en\/wp-json\/wp\/v2\/product"}],"about":[{"href":"https:\/\/vality.com.mx\/en\/wp-json\/wp\/v2\/types\/product"}],"replies":[{"embeddable":true,"href":"https:\/\/vality.com.mx\/en\/wp-json\/wp\/v2\/comments?post=7348"}],"wp:featuredmedia":[{"embeddable":true,"href":"https:\/\/vality.com.mx\/en\/wp-json\/wp\/v2\/media\/7349"}],"wp:attachment":[{"href":"https:\/\/vality.com.mx\/en\/wp-json\/wp\/v2\/media?parent=7348"}],"wp:term":[{"taxonomy":"product_brand","embeddable":true,"href":"https:\/\/vality.com.mx\/en\/wp-json\/wp\/v2\/product_brand?post=7348"},{"taxonomy":"product_cat","embeddable":true,"href":"https:\/\/vality.com.mx\/en\/wp-json\/wp\/v2\/product_cat?post=7348"},{"taxonomy":"product_tag","embeddable":true,"href":"https:\/\/vality.com.mx\/en\/wp-json\/wp\/v2\/product_tag?post=7348"}],"curies":[{"name":"wp","href":"https:\/\/api.w.org\/{rel}","templated":true}]}}