{"id":7363,"date":"2025-01-28T04:40:25","date_gmt":"2025-01-28T04:40:25","guid":{"rendered":"https:\/\/vality.com.mx\/?post_type=product&#038;p=7363"},"modified":"2025-01-28T04:42:05","modified_gmt":"2025-01-28T04:42:05","slug":"elaboracion-de-codigo-de-conducta-empresarial","status":"publish","type":"product","link":"https:\/\/vality.com.mx\/en\/producto\/elaboracion-de-codigo-de-conducta-empresarial\/","title":{"rendered":"Elaboraci\u00f3n de C\u00f3digo de Conducta Empresarial"},"content":{"rendered":"<p>Te ayudamos a desarrollar un C\u00f3digo de Conducta que define claramente las reglas y valores dentro de tu empresa. Nuestro servicio incluye:<\/p>\n<ul>\n<li><strong>An\u00e1lisis de Valores:<\/strong> Identificamos los valores y principios clave para tu empresa y los reflejamos en el c\u00f3digo.<\/li>\n<li><strong>Redacci\u00f3n del C\u00f3digo:<\/strong> Escribimos un documento sencillo y f\u00e1cil de entender que establece c\u00f3mo deben comportarse los empleados en situaciones laborales.<\/li>\n<li><strong>Capacitaci\u00f3n:<\/strong> Formamos a tu equipo para asegurar que comprendan y sigan las normas establecidas.<\/li>\n<li><strong>Seguimiento:<\/strong> Revisamos el c\u00f3digo peri\u00f3dicamente para actualizarlo y ser relevante.<\/li>\n<\/ul>\n<p>Con nuestro servicio, tu empresa establece reglas claras para asegurar que todos act\u00faen de forma \u00e9tica y responsable.<\/p>\n","protected":false},"excerpt":{"rendered":"<p>Creamos un C\u00f3digo de Conducta claro y adaptado a tu empresa, fomentando un ambiente \u00e9tico.<\/p>\n","protected":false},"featured_media":7366,"comment_status":"open","ping_status":"closed","template":"","meta":{"site-sidebar-layout":"default","site-content-layout":"","ast-site-content-layout":"default","site-content-style":"default","site-sidebar-style":"default","ast-global-header-display":"","ast-banner-title-visibility":"","ast-main-header-display":"","ast-hfb-above-header-display":"","ast-hfb-below-header-display":"","ast-hfb-mobile-header-display":"","site-post-title":"","ast-breadcrumbs-content":"","ast-featured-img":"","footer-sml-layout":"","ast-disable-related-posts":"","theme-transparent-header-meta":"default","adv-header-id-meta":"","stick-header-meta":"","header-above-stick-meta":"","header-main-stick-meta":"","header-below-stick-meta":"","astra-migrate-meta-layouts":"set","ast-page-background-enabled":"default","ast-page-background-meta":{"desktop":{"background-color":"","background-image":"","background-repeat":"repeat","background-position":"center center","background-size":"auto","background-attachment":"scroll","background-type":"","background-media":"","overlay-type":"","overlay-color":"","overlay-opacity":"","overlay-gradient":""},"tablet":{"background-color":"","background-image":"","background-repeat":"repeat","background-position":"center center","background-size":"auto","background-attachment":"scroll","background-type":"","background-media":"","overlay-type":"","overlay-color":"","overlay-opacity":"","overlay-gradient":""},"mobile":{"background-color":"","background-image":"","background-repeat":"repeat","background-position":"center center","background-size":"auto","background-attachment":"scroll","background-type":"","background-media":"","overlay-type":"","overlay-color":"","overlay-opacity":"","overlay-gradient":""}},"ast-content-background-meta":{"desktop":{"background-color":"var(--ast-global-color-5)","background-image":"","background-repeat":"repeat","background-position":"center center","background-size":"auto","background-attachment":"scroll","background-type":"","background-media":"","overlay-type":"","overlay-color":"","overlay-opacity":"","overlay-gradient":""},"tablet":{"background-color":"var(--ast-global-color-5)","background-image":"","background-repeat":"repeat","background-position":"center center","background-size":"auto","background-attachment":"scroll","background-type":"","background-media":"","overlay-type":"","overlay-color":"","overlay-opacity":"","overlay-gradient":""},"mobile":{"background-color":"var(--ast-global-color-5)","background-image":"","background-repeat":"repeat","background-position":"center center","background-size":"auto","background-attachment":"scroll","background-type":"","background-media":"","overlay-type":"","overlay-color":"","overlay-opacity":"","overlay-gradient":""}}},"product_brand":[],"product_cat":[838],"product_tag":[888,883,887,886,841,884,885],"class_list":{"0":"post-7363","1":"product","2":"type-product","3":"status-publish","4":"has-post-thumbnail","6":"product_cat-servicios","7":"product_tag-buenas-practicas-empresariales","8":"product_tag-codigo-de-conducta","9":"product_tag-conducta-responsable","10":"product_tag-cultura-organizacional","11":"product_tag-cumplimiento-normativo","12":"product_tag-etica-empresarial","13":"product_tag-valores-corporativos","14":"desktop-align-left","15":"tablet-align-left","16":"mobile-align-left","17":"ast-product-gallery-layout-horizontal-slider","18":"ast-product-tabs-layout-horizontal","20":"first","21":"instock","22":"shipping-taxable","23":"product-type-simple"},"yoast_head":"<!-- This site is optimized with the Yoast SEO plugin v26.8 - https:\/\/yoast.com\/product\/yoast-seo-wordpress\/ -->\n<title>Elaboraci\u00f3n de C\u00f3digo de Conducta Empresarial - Vality Consulting Group<\/title>\n<meta name=\"robots\" content=\"index, follow, max-snippet:-1, max-image-preview:large, max-video-preview:-1\" \/>\n<link rel=\"canonical\" href=\"https:\/\/vality.com.mx\/producto\/elaboracion-de-codigo-de-conducta-empresarial\/\" \/>\n<meta property=\"og:locale\" content=\"en_US\" \/>\n<meta property=\"og:type\" content=\"article\" \/>\n<meta property=\"og:title\" content=\"Elaboraci\u00f3n de C\u00f3digo de Conducta Empresarial - Vality Consulting Group\" \/>\n<meta property=\"og:description\" content=\"Creamos un C\u00f3digo de Conducta claro y adaptado a tu empresa, fomentando un ambiente \u00e9tico.\" \/>\n<meta property=\"og:url\" content=\"https:\/\/vality.com.mx\/producto\/elaboracion-de-codigo-de-conducta-empresarial\/\" \/>\n<meta property=\"og:site_name\" content=\"Vality Consulting Group\" \/>\n<meta property=\"article:modified_time\" content=\"2025-01-28T04:42:05+00:00\" \/>\n<meta property=\"og:image\" content=\"https:\/\/vality.com.mx\/wp-content\/uploads\/2025\/01\/Asegura-el-legado-de-tu-empresa.jpg\" \/>\n\t<meta property=\"og:image:width\" content=\"1080\" \/>\n\t<meta property=\"og:image:height\" content=\"1080\" \/>\n\t<meta property=\"og:image:type\" content=\"image\/jpeg\" \/>\n<meta name=\"twitter:card\" content=\"summary_large_image\" \/>\n<meta name=\"twitter:label1\" content=\"Est. reading time\" \/>\n\t<meta name=\"twitter:data1\" content=\"1 minute\" \/>\n<script type=\"application\/ld+json\" class=\"yoast-schema-graph\">{\"@context\":\"https:\/\/schema.org\",\"@graph\":[{\"@type\":\"WebPage\",\"@id\":\"https:\/\/vality.com.mx\/producto\/elaboracion-de-codigo-de-conducta-empresarial\/\",\"url\":\"https:\/\/vality.com.mx\/producto\/elaboracion-de-codigo-de-conducta-empresarial\/\",\"name\":\"Elaboraci\u00f3n de C\u00f3digo de Conducta Empresarial - Vality Consulting Group\",\"isPartOf\":{\"@id\":\"https:\/\/vality.com.mx\/#website\"},\"primaryImageOfPage\":{\"@id\":\"https:\/\/vality.com.mx\/producto\/elaboracion-de-codigo-de-conducta-empresarial\/#primaryimage\"},\"image\":{\"@id\":\"https:\/\/vality.com.mx\/producto\/elaboracion-de-codigo-de-conducta-empresarial\/#primaryimage\"},\"thumbnailUrl\":\"https:\/\/vality.com.mx\/wp-content\/uploads\/2025\/01\/Asegura-el-legado-de-tu-empresa.jpg\",\"datePublished\":\"2025-01-28T04:40:25+00:00\",\"dateModified\":\"2025-01-28T04:42:05+00:00\",\"breadcrumb\":{\"@id\":\"https:\/\/vality.com.mx\/producto\/elaboracion-de-codigo-de-conducta-empresarial\/#breadcrumb\"},\"inLanguage\":\"en-US\",\"potentialAction\":[{\"@type\":\"ReadAction\",\"target\":[\"https:\/\/vality.com.mx\/producto\/elaboracion-de-codigo-de-conducta-empresarial\/\"]}]},{\"@type\":\"ImageObject\",\"inLanguage\":\"en-US\",\"@id\":\"https:\/\/vality.com.mx\/producto\/elaboracion-de-codigo-de-conducta-empresarial\/#primaryimage\",\"url\":\"https:\/\/vality.com.mx\/wp-content\/uploads\/2025\/01\/Asegura-el-legado-de-tu-empresa.jpg\",\"contentUrl\":\"https:\/\/vality.com.mx\/wp-content\/uploads\/2025\/01\/Asegura-el-legado-de-tu-empresa.jpg\",\"width\":1080,\"height\":1080},{\"@type\":\"BreadcrumbList\",\"@id\":\"https:\/\/vality.com.mx\/producto\/elaboracion-de-codigo-de-conducta-empresarial\/#breadcrumb\",\"itemListElement\":[{\"@type\":\"ListItem\",\"position\":1,\"name\":\"Portada\",\"item\":\"https:\/\/vality.com.mx\/en\/\"},{\"@type\":\"ListItem\",\"position\":2,\"name\":\"Tienda\",\"item\":\"https:\/\/vality.com.mx\/cursos\/\"},{\"@type\":\"ListItem\",\"position\":3,\"name\":\"Elaboraci\u00f3n de C\u00f3digo de Conducta Empresarial\"}]},{\"@type\":\"WebSite\",\"@id\":\"https:\/\/vality.com.mx\/#website\",\"url\":\"https:\/\/vality.com.mx\/\",\"name\":\"Vality Consulting Group\",\"description\":\"Firma Legal especializada Derecho Corporativo, Derecho de las empresas\",\"publisher\":{\"@id\":\"https:\/\/vality.com.mx\/#organization\"},\"potentialAction\":[{\"@type\":\"SearchAction\",\"target\":{\"@type\":\"EntryPoint\",\"urlTemplate\":\"https:\/\/vality.com.mx\/?s={search_term_string}\"},\"query-input\":{\"@type\":\"PropertyValueSpecification\",\"valueRequired\":true,\"valueName\":\"search_term_string\"}}],\"inLanguage\":\"en-US\"},{\"@type\":\"Organization\",\"@id\":\"https:\/\/vality.com.mx\/#organization\",\"name\":\"Vality Consulting Group\",\"url\":\"https:\/\/vality.com.mx\/\",\"logo\":{\"@type\":\"ImageObject\",\"inLanguage\":\"en-US\",\"@id\":\"https:\/\/vality.com.mx\/#\/schema\/logo\/image\/\",\"url\":\"https:\/\/vality.com.mx\/wp-content\/uploads\/2020\/10\/cropped-Logotipo-color.png\",\"contentUrl\":\"https:\/\/vality.com.mx\/wp-content\/uploads\/2020\/10\/cropped-Logotipo-color.png\",\"width\":1210,\"height\":978,\"caption\":\"Vality Consulting Group\"},\"image\":{\"@id\":\"https:\/\/vality.com.mx\/#\/schema\/logo\/image\/\"}}]}<\/script>\n<!-- \/ Yoast SEO plugin. -->","yoast_head_json":{"title":"Elaboraci\u00f3n de C\u00f3digo de Conducta Empresarial - Vality Consulting Group","robots":{"index":"index","follow":"follow","max-snippet":"max-snippet:-1","max-image-preview":"max-image-preview:large","max-video-preview":"max-video-preview:-1"},"canonical":"https:\/\/vality.com.mx\/producto\/elaboracion-de-codigo-de-conducta-empresarial\/","og_locale":"en_US","og_type":"article","og_title":"Elaboraci\u00f3n de C\u00f3digo de Conducta Empresarial - Vality Consulting Group","og_description":"Creamos un C\u00f3digo de Conducta claro y adaptado a tu empresa, fomentando un ambiente \u00e9tico.","og_url":"https:\/\/vality.com.mx\/producto\/elaboracion-de-codigo-de-conducta-empresarial\/","og_site_name":"Vality Consulting Group","article_modified_time":"2025-01-28T04:42:05+00:00","og_image":[{"width":1080,"height":1080,"url":"https:\/\/vality.com.mx\/wp-content\/uploads\/2025\/01\/Asegura-el-legado-de-tu-empresa.jpg","type":"image\/jpeg"}],"twitter_card":"summary_large_image","twitter_misc":{"Est. reading time":"1 minute"},"schema":{"@context":"https:\/\/schema.org","@graph":[{"@type":"WebPage","@id":"https:\/\/vality.com.mx\/producto\/elaboracion-de-codigo-de-conducta-empresarial\/","url":"https:\/\/vality.com.mx\/producto\/elaboracion-de-codigo-de-conducta-empresarial\/","name":"Elaboraci\u00f3n de C\u00f3digo de Conducta Empresarial - Vality Consulting Group","isPartOf":{"@id":"https:\/\/vality.com.mx\/#website"},"primaryImageOfPage":{"@id":"https:\/\/vality.com.mx\/producto\/elaboracion-de-codigo-de-conducta-empresarial\/#primaryimage"},"image":{"@id":"https:\/\/vality.com.mx\/producto\/elaboracion-de-codigo-de-conducta-empresarial\/#primaryimage"},"thumbnailUrl":"https:\/\/vality.com.mx\/wp-content\/uploads\/2025\/01\/Asegura-el-legado-de-tu-empresa.jpg","datePublished":"2025-01-28T04:40:25+00:00","dateModified":"2025-01-28T04:42:05+00:00","breadcrumb":{"@id":"https:\/\/vality.com.mx\/producto\/elaboracion-de-codigo-de-conducta-empresarial\/#breadcrumb"},"inLanguage":"en-US","potentialAction":[{"@type":"ReadAction","target":["https:\/\/vality.com.mx\/producto\/elaboracion-de-codigo-de-conducta-empresarial\/"]}]},{"@type":"ImageObject","inLanguage":"en-US","@id":"https:\/\/vality.com.mx\/producto\/elaboracion-de-codigo-de-conducta-empresarial\/#primaryimage","url":"https:\/\/vality.com.mx\/wp-content\/uploads\/2025\/01\/Asegura-el-legado-de-tu-empresa.jpg","contentUrl":"https:\/\/vality.com.mx\/wp-content\/uploads\/2025\/01\/Asegura-el-legado-de-tu-empresa.jpg","width":1080,"height":1080},{"@type":"BreadcrumbList","@id":"https:\/\/vality.com.mx\/producto\/elaboracion-de-codigo-de-conducta-empresarial\/#breadcrumb","itemListElement":[{"@type":"ListItem","position":1,"name":"Portada","item":"https:\/\/vality.com.mx\/en\/"},{"@type":"ListItem","position":2,"name":"Tienda","item":"https:\/\/vality.com.mx\/cursos\/"},{"@type":"ListItem","position":3,"name":"Elaboraci\u00f3n de C\u00f3digo de Conducta Empresarial"}]},{"@type":"WebSite","@id":"https:\/\/vality.com.mx\/#website","url":"https:\/\/vality.com.mx\/","name":"Vality Consulting Group","description":"Firma Legal especializada Derecho Corporativo, Derecho de las empresas","publisher":{"@id":"https:\/\/vality.com.mx\/#organization"},"potentialAction":[{"@type":"SearchAction","target":{"@type":"EntryPoint","urlTemplate":"https:\/\/vality.com.mx\/?s={search_term_string}"},"query-input":{"@type":"PropertyValueSpecification","valueRequired":true,"valueName":"search_term_string"}}],"inLanguage":"en-US"},{"@type":"Organization","@id":"https:\/\/vality.com.mx\/#organization","name":"Vality Consulting Group","url":"https:\/\/vality.com.mx\/","logo":{"@type":"ImageObject","inLanguage":"en-US","@id":"https:\/\/vality.com.mx\/#\/schema\/logo\/image\/","url":"https:\/\/vality.com.mx\/wp-content\/uploads\/2020\/10\/cropped-Logotipo-color.png","contentUrl":"https:\/\/vality.com.mx\/wp-content\/uploads\/2020\/10\/cropped-Logotipo-color.png","width":1210,"height":978,"caption":"Vality Consulting Group"},"image":{"@id":"https:\/\/vality.com.mx\/#\/schema\/logo\/image\/"}}]}},"_links":{"self":[{"href":"https:\/\/vality.com.mx\/en\/wp-json\/wp\/v2\/product\/7363","targetHints":{"allow":["GET"]}}],"collection":[{"href":"https:\/\/vality.com.mx\/en\/wp-json\/wp\/v2\/product"}],"about":[{"href":"https:\/\/vality.com.mx\/en\/wp-json\/wp\/v2\/types\/product"}],"replies":[{"embeddable":true,"href":"https:\/\/vality.com.mx\/en\/wp-json\/wp\/v2\/comments?post=7363"}],"wp:featuredmedia":[{"embeddable":true,"href":"https:\/\/vality.com.mx\/en\/wp-json\/wp\/v2\/media\/7366"}],"wp:attachment":[{"href":"https:\/\/vality.com.mx\/en\/wp-json\/wp\/v2\/media?parent=7363"}],"wp:term":[{"taxonomy":"product_brand","embeddable":true,"href":"https:\/\/vality.com.mx\/en\/wp-json\/wp\/v2\/product_brand?post=7363"},{"taxonomy":"product_cat","embeddable":true,"href":"https:\/\/vality.com.mx\/en\/wp-json\/wp\/v2\/product_cat?post=7363"},{"taxonomy":"product_tag","embeddable":true,"href":"https:\/\/vality.com.mx\/en\/wp-json\/wp\/v2\/product_tag?post=7363"}],"curies":[{"name":"wp","href":"https:\/\/api.w.org\/{rel}","templated":true}]}}