{"id":7555,"date":"2025-04-10T02:41:30","date_gmt":"2025-04-10T02:41:30","guid":{"rendered":"https:\/\/vality.com.mx\/?post_type=product&#038;p=7555"},"modified":"2026-02-26T02:06:33","modified_gmt":"2026-02-26T02:06:33","slug":"kit-laboral","status":"publish","type":"product","link":"https:\/\/vality.com.mx\/en\/producto\/kit-laboral\/","title":{"rendered":"Kit Laboral PRO ( Implementaci\u00f3n)"},"content":{"rendered":"<h4><strong>\u00a1Si quieres s\u00f3lo formatitos, esta soluci\u00f3n no es para ti! <\/strong><\/h4>\n<h6><em>Tu empresa podr\u00eda estar operando ilegalmente sin saberlo. El 93% de las PyMEs no est\u00e1n listas para un conflicto laboral.<\/em><\/h6>\n<div id=\"craft_clipboard\" data-craft=\"W3sicGFyZW50QmxvY2siOiI4YjAxYjQzYi0wNDUxLTBkNmYtZWE3ZC0zYjJjZTIyMWM2MTMiLCJ0eXBlIjoidGV4dCIsImNyZWF0ZWRCeVVzZXJJZCI6ImZiMDMxOWZiLWNlMDUtZDkwZi1kMGJjLTBiNzM1MWFiNTRlZCIsInByb3BlcnRpZXMiOiJ7fSIsInBhZ2VTdHlsZSI6IntcImlzTWlycm9yZWRcIjp0cnVlfSIsInBhZ2VTdHlsZVByb3BzIjoie30iLCJzdHlsZUF0dHJpYnV0ZXMiOiJ7XCJ0ZXh0U3R5bGVcIjpcImJvZHlcIixcImFsaWdubWVudFN0eWxlXCI6XCJjZW50ZXJcIixcImxpc3RTdHlsZVwiOlwibm9uZVwiLFwibGluZVN0eWxlXCI6XCJub25lXCIsXCJ1cmxTdHlsZVwiOlwiZGVmYXVsdFwiLFwibGF5b3V0U3R5bGVcIjpcInJlZ3VsYXJcIixcImltYWdlRmlsbFN0eWxlXCI6XCJzY2FsZUFzcGVjdEZpbGxcIixcImltYWdlU2l6ZVN0eWxlXCI6XCJhdXRvXCIsXCJmb250U3R5bGVcIjpcInN5c3RlbS1yb3VuZGVkXCIsXCJfcnVuQXR0cmlidXRlc1wiOlt7XCJpc0l0YWxpY1wiOnRydWUsXCJyYW5nZVwiOlswLDU5XX1dLFwiY29sb3JcIjpcIiNGRjQ4MzAgI0ZGNzE1MFwiLFwiZGVjb3JhdGlvbnNcIjp7fSxcImluZGVudGF0aW9uTGV2ZWxcIjowfSIsImNvbnRlbnQiOiJcIlRlIGF5dWRhbW9zIGNvbiBsYSBFc3RydWN0dXJhIExlZ2FsIExhYm9yYWwgZGUgdHUgZW1wcmVzYVwiIiwic3ViQmxvY2tzIjpbXSwiY3JlYXRlZCI6MTc1ODY3NzUzMDA4OCwidXBkYXRlZCI6MTc1OTQ0MTI2NDk3MCwic3RhbXAiOiJcIjFhYzU4YjdkLWNjMTEtNDYwNi04OGNhLTk3OTAxNzJlNTY3N1wiIiwidGVtcElkIjoiMzQ1OURBRjctNkExRi00OEEyLTlBNUYtOEJERjdBMTIyQTY5In1d\"><span style=\"color: #333333;\"><em>Te ayudamos a implementar la <strong>Estructura Legal Laboral de tu empresa<\/strong><\/em><\/span><\/div>\n<div data-craft=\"W3sicGFyZW50QmxvY2siOiI4YjAxYjQzYi0wNDUxLTBkNmYtZWE3ZC0zYjJjZTIyMWM2MTMiLCJ0eXBlIjoidGV4dCIsImNyZWF0ZWRCeVVzZXJJZCI6ImZiMDMxOWZiLWNlMDUtZDkwZi1kMGJjLTBiNzM1MWFiNTRlZCIsInByb3BlcnRpZXMiOiJ7fSIsInBhZ2VTdHlsZSI6IntcImlzTWlycm9yZWRcIjp0cnVlfSIsInBhZ2VTdHlsZVByb3BzIjoie30iLCJzdHlsZUF0dHJpYnV0ZXMiOiJ7XCJ0ZXh0U3R5bGVcIjpcImJvZHlcIixcImFsaWdubWVudFN0eWxlXCI6XCJjZW50ZXJcIixcImxpc3RTdHlsZVwiOlwibm9uZVwiLFwibGluZVN0eWxlXCI6XCJub25lXCIsXCJ1cmxTdHlsZVwiOlwiZGVmYXVsdFwiLFwibGF5b3V0U3R5bGVcIjpcInJlZ3VsYXJcIixcImltYWdlRmlsbFN0eWxlXCI6XCJzY2FsZUFzcGVjdEZpbGxcIixcImltYWdlU2l6ZVN0eWxlXCI6XCJhdXRvXCIsXCJmb250U3R5bGVcIjpcInN5c3RlbS1yb3VuZGVkXCIsXCJfcnVuQXR0cmlidXRlc1wiOlt7XCJpc0l0YWxpY1wiOnRydWUsXCJyYW5nZVwiOlswLDU5XX1dLFwiY29sb3JcIjpcIiNGRjQ4MzAgI0ZGNzE1MFwiLFwiZGVjb3JhdGlvbnNcIjp7fSxcImluZGVudGF0aW9uTGV2ZWxcIjowfSIsImNvbnRlbnQiOiJcIlRlIGF5dWRhbW9zIGNvbiBsYSBFc3RydWN0dXJhIExlZ2FsIExhYm9yYWwgZGUgdHUgZW1wcmVzYVwiIiwic3ViQmxvY2tzIjpbXSwiY3JlYXRlZCI6MTc1ODY3NzUzMDA4OCwidXBkYXRlZCI6MTc1OTQ0MTI2NDk3MCwic3RhbXAiOiJcIjFhYzU4YjdkLWNjMTEtNDYwNi04OGNhLTk3OTAxNzJlNTY3N1wiIiwidGVtcElkIjoiMzQ1OURBRjctNkExRi00OEEyLTlBNUYtOEJERjdBMTIyQTY5In1d\"><span style=\"color: #333333;\"><em style=\"font-size: 16px;\">&#8212;&#8211;&gt; Desarrollado por Vality, con respaldo legal y experiencia en +100 empresas. &lt;&#8212;&#8212;&#8212;-<\/em><\/span><\/div>\n<p><strong>\u00bfCu\u00e1nto te costar\u00eda no tener esto? <\/strong><strong>Sin una documentaci\u00f3n legal adecuada, una inspecci\u00f3n o demanda puede costarte entre $50,000 y $500,000 MXN.<\/strong><\/p>\n<p data-start=\"737\" data-end=\"1096\">\u2705 \u00bfQu\u00e9 incluye la implementaci\u00f3n de tu KIT LABORAL PRO?<\/p>\n<ol>\n<li><strong>SOPORTE DOCUMENTAL <\/strong><\/li>\n<\/ol>\n<ul>\n<li style=\"list-style-type: none;\">\n<ul>\n<li>Contratos laborales (tiempo determinado e indeterminado), Convenio de confidencialidad<\/li>\n<li>Formatos diversos,\u00a0 acta administrativa, solicitud de vacaciones, de entrega de uniformes y herramientas<\/li>\n<li>Kit de baja laboral<\/li>\n<li><span style=\"font-weight: 400;\">Reglamento Interno<strong> incluye registro\u00a0<\/strong><\/span><\/li>\n<li><span style=\"font-weight: 400;\">Acta comisi\u00f3n Mixta PTU<\/span><\/li>\n<li>\n<p data-start=\"769\" data-end=\"803\"><span style=\"color: #ff0000;\"><strong data-start=\"1633\" data-end=\"1756\">BONUS INMEDIATO: Mini Kit de Gesti\u00f3n Laboral <\/strong>&#8211;<\/span>&gt; <a href=\"https:\/\/drive.google.com\/drive\/u\/0\/folders\/1bhOjVaAsNIMu_b4L_alXuO2v0yG3EHIT\">Desc\u00e1rgalo aqu\u00ed:\u00a0<\/a><\/p>\n<\/li>\n<\/ul>\n<\/li>\n<\/ul>\n<p><strong>2. CAPACITACI\u00d3N PR\u00c1CTICA EN VIDEO:\u00a0<\/strong> (<span style=\"color: #666699;\">Dise\u00f1ados para capacitar a tu personal y tambi\u00e9n guiar al patr\u00f3n o al \u00e1rea de RH en momentos cr\u00edticos.)<\/span><\/p>\n<ul>\n<li><span style=\"font-weight: 400;\">Manejo de despidos, renuncias y conflictos ( Prevenci\u00f3n ante demandas laborales)\u00a0<\/span><\/li>\n<li><span style=\"font-weight: 400;\">Reglamento Interno\u00a0 de Trabajo<\/span><\/li>\n<li><span style=\"font-weight: 400;\">Manejo y uso de la informaci\u00f3n confidencial, <\/span><\/li>\n<li>Tambi\u00e9n incluye: Gu\u00eda de Buenas Pr\u00e1cticas Laborales<\/li>\n<\/ul>\n<p><strong>3. ACOMPA\u00d1AMIENTO\u00a0<\/strong><\/p>\n<ul>\n<li><b>\ud83d\udcde<span data-slate-fragment=\"JTVCJTdCJTIydHlwZSUyMiUzQSUyMnBhcmFncmFwaCUyMiUyQyUyMmNoaWxkcmVuJTIyJTNBJTVCJTdCJTIydGV4dCUyMiUzQSUyMkF0ZW5jaSVDMyVCM24lMjBwZXJzb25hbGl6YWRhJTIwZHVyYW50ZSUyMGVsJTIwcHJvY2VzbyUyMHBhcmElMjByZXNvbHZlciUyMGR1ZGFzJTIyJTdEJTVEJTdEJTVE\">Atenci\u00f3n personalizada durante el proceso para resolver dudas<\/span><\/b><\/li>\n<li><span style=\"font-weight: 400;\">\ud83d\udcac Atenci\u00f3n v\u00eda WhatsApp para uso y seguimiento<\/span><\/li>\n<\/ul>\n<p>Todo personalizado a tu empresa!!!<\/p>\n<p>\u201cEste contenido tiene un valor estimado de\u00a0 hasta $60,000 MXN si lo contrataras individualmente.\u201d<\/p>\n<hr class=\"\" data-start=\"1362\" data-end=\"1365\" \/>\n<p><em>+ de 100 empresas implementando estos formatos con \u00e9xito.<\/em><\/p>\n<h6 style=\"padding-left: 40px;\" data-start=\"1920\" data-end=\"1942\"><em><span style=\"font-size: 16px;\">\u201cAntes de tener este kit, ya hab\u00eda pagado 3,500 pesos solo por un contrato. Hoy tengo todo lo necesario, ya s\u00e9 qu\u00e9 hacer ante cualquier problema y hasta mi contador lo usa.\u201d<\/span><\/em><\/h6>\n<h6 style=\"padding-left: 40px;\" data-start=\"1945\" data-end=\"2165\"><em>\u2014 Carlos G., Due\u00f1o de empresa de log\u00edstica<\/em><\/h6>\n<p>\u2705 Elige: seguir expuesto o estar protegido desde hoy. &#8212;&#8212;&#8212;-&gt;\u00a0 <strong><span style=\"color: #ff0000;\">\u201c\u00bfDudas? Escr\u00edbenos por <a style=\"color: #ff0000;\" href=\"https:\/\/wa.me\/+524792223877?text=Tengo%20dudas%20sobre%20el%20Kit%20Laboral%20PRO\">WhatsApp<\/a> y pide tu cita\u201d\u00a0<\/span><\/strong><\/p>\n","protected":false},"excerpt":{"rendered":"<p class=\"\" data-start=\"235\" data-end=\"521\"><strong data-start=\"1058\" data-end=\"1192\">\u201cTu negocio necesita protegerse. Este kit te da todo lo necesario para contratar bien, sancionar correctamente y evitar demandas.\u201d<\/strong><\/p>\n<p class=\"\" data-start=\"235\" data-end=\"521\"><span style=\"color: #333333;\"><em>Te ayudamos con la Estructura Legal Laboral de tu empresa.<\/em><\/span><br data-start=\"1192\" data-end=\"1195\" \/>Incluye contratos, reglamentos y formatos listos para usar.<br data-start=\"231\" data-end=\"234\" \/>Capacitaci\u00f3n en video + asesor\u00eda personalizada.<br data-start=\"281\" data-end=\"284\" \/>Evita multas y demandas que pueden costarte hasta $500,000 MXN.<\/p>\n<h6 data-start=\"235\" data-end=\"521\">\u201c\u00bfDudas? Escr\u00edbenos por WhatsApp\u201d<\/h6>\n<p data-start=\"235\" data-end=\"521\">*Pregunta por los MSI<\/p>\n","protected":false},"featured_media":7699,"comment_status":"open","ping_status":"closed","template":"","meta":{"site-sidebar-layout":"default","site-content-layout":"","ast-site-content-layout":"default","site-content-style":"default","site-sidebar-style":"default","ast-global-header-display":"","ast-banner-title-visibility":"","ast-main-header-display":"","ast-hfb-above-header-display":"","ast-hfb-below-header-display":"","ast-hfb-mobile-header-display":"","site-post-title":"","ast-breadcrumbs-content":"","ast-featured-img":"","footer-sml-layout":"","ast-disable-related-posts":"","theme-transparent-header-meta":"default","adv-header-id-meta":"","stick-header-meta":"","header-above-stick-meta":"","header-main-stick-meta":"","header-below-stick-meta":"","astra-migrate-meta-layouts":"set","ast-page-background-enabled":"default","ast-page-background-meta":{"desktop":{"background-color":"","background-image":"","background-repeat":"repeat","background-position":"center center","background-size":"auto","background-attachment":"scroll","background-type":"","background-media":"","overlay-type":"","overlay-color":"","overlay-opacity":"","overlay-gradient":""},"tablet":{"background-color":"","background-image":"","background-repeat":"repeat","background-position":"center center","background-size":"auto","background-attachment":"scroll","background-type":"","background-media":"","overlay-type":"","overlay-color":"","overlay-opacity":"","overlay-gradient":""},"mobile":{"background-color":"","background-image":"","background-repeat":"repeat","background-position":"center center","background-size":"auto","background-attachment":"scroll","background-type":"","background-media":"","overlay-type":"","overlay-color":"","overlay-opacity":"","overlay-gradient":""}},"ast-content-background-meta":{"desktop":{"background-color":"var(--ast-global-color-5)","background-image":"","background-repeat":"repeat","background-position":"center center","background-size":"auto","background-attachment":"scroll","background-type":"","background-media":"","overlay-type":"","overlay-color":"","overlay-opacity":"","overlay-gradient":""},"tablet":{"background-color":"var(--ast-global-color-5)","background-image":"","background-repeat":"repeat","background-position":"center center","background-size":"auto","background-attachment":"scroll","background-type":"","background-media":"","overlay-type":"","overlay-color":"","overlay-opacity":"","overlay-gradient":""},"mobile":{"background-color":"var(--ast-global-color-5)","background-image":"","background-repeat":"repeat","background-position":"center center","background-size":"auto","background-attachment":"scroll","background-type":"","background-media":"","overlay-type":"","overlay-color":"","overlay-opacity":"","overlay-gradient":""}}},"product_brand":[],"product_cat":[835,838],"product_tag":[903,907,897,870,906,896,901,872,873,895,1023,889,905,899,900,894,908,898,902],"class_list":{"0":"post-7555","1":"product","2":"type-product","3":"status-publish","4":"has-post-thumbnail","6":"product_cat-formatos","7":"product_cat-servicios","8":"product_tag-asesoria-laboral","9":"product_tag-baja-laboral","10":"product_tag-blindaje-laboral","11":"product_tag-contratos-laborales","12":"product_tag-control-de-trabajadores","13":"product_tag-cumplimiento-legal","14":"product_tag-documentos-laborales-mexico","15":"product_tag-formatos-laborales","16":"product_tag-gestion-laboral","17":"product_tag-kit-de-documentos-laborales","18":"product_tag-kit-laboral","19":"product_tag-normas-laborales","20":"product_tag-paquete-de-documentos-laborales","21":"product_tag-prevencion-de-demandas-laborales","22":"product_tag-proteccion-empresarial","23":"product_tag-proteccion-laboral","24":"product_tag-recursos-humanos","25":"product_tag-riesgos-laborales","26":"product_tag-seguridad-laboral","27":"desktop-align-left","28":"tablet-align-left","29":"mobile-align-left","30":"ast-product-gallery-layout-horizontal-slider","31":"ast-product-tabs-layout-horizontal","33":"first","34":"instock","35":"downloadable","36":"virtual","37":"purchasable","38":"product-type-simple"},"yoast_head":"<!-- This site is optimized with the Yoast SEO plugin v26.8 - https:\/\/yoast.com\/product\/yoast-seo-wordpress\/ -->\n<title>Kit Laboral PRO ( Implementaci\u00f3n) - Vality Consulting Group<\/title>\n<meta name=\"description\" content=\"No pongas en riesgo lo que has construido. El Blindaje Laboral Premium te brinda contratos, formatos esenciales y una Evaluaci\u00f3n de Riesgos Laborales para identificar vulnerabilidades y proteger tu empresa de demandas y sanciones.\" \/>\n<meta name=\"robots\" content=\"index, follow, max-snippet:-1, max-image-preview:large, max-video-preview:-1\" \/>\n<link rel=\"canonical\" href=\"https:\/\/vality.com.mx\/producto\/kit-laboral\/\" \/>\n<meta property=\"og:locale\" content=\"en_US\" \/>\n<meta property=\"og:type\" content=\"article\" \/>\n<meta property=\"og:title\" content=\"Kit Laboral PRO ( Implementaci\u00f3n) - Vality Consulting Group\" \/>\n<meta property=\"og:description\" content=\"No pongas en riesgo lo que has construido. El Blindaje Laboral Premium te brinda contratos, formatos esenciales y una Evaluaci\u00f3n de Riesgos Laborales para identificar vulnerabilidades y proteger tu empresa de demandas y sanciones.\" \/>\n<meta property=\"og:url\" content=\"https:\/\/vality.com.mx\/producto\/kit-laboral\/\" \/>\n<meta property=\"og:site_name\" content=\"Vality Consulting Group\" \/>\n<meta property=\"article:modified_time\" content=\"2026-02-26T02:06:33+00:00\" \/>\n<meta property=\"og:image\" content=\"https:\/\/vality.com.mx\/wp-content\/uploads\/2025\/04\/KIT-LABORAL.jpg\" \/>\n\t<meta property=\"og:image:width\" content=\"1080\" \/>\n\t<meta property=\"og:image:height\" content=\"1080\" \/>\n\t<meta property=\"og:image:type\" content=\"image\/jpeg\" \/>\n<meta name=\"twitter:card\" content=\"summary_large_image\" \/>\n<meta name=\"twitter:label1\" content=\"Est. reading time\" \/>\n\t<meta name=\"twitter:data1\" content=\"2 minutes\" \/>\n<script type=\"application\/ld+json\" class=\"yoast-schema-graph\">{\"@context\":\"https:\/\/schema.org\",\"@graph\":[{\"@type\":\"WebPage\",\"@id\":\"https:\/\/vality.com.mx\/producto\/kit-laboral\/\",\"url\":\"https:\/\/vality.com.mx\/producto\/kit-laboral\/\",\"name\":\"Kit Laboral PRO ( Implementaci\u00f3n) - Vality Consulting Group\",\"isPartOf\":{\"@id\":\"https:\/\/vality.com.mx\/#website\"},\"primaryImageOfPage\":{\"@id\":\"https:\/\/vality.com.mx\/producto\/kit-laboral\/#primaryimage\"},\"image\":{\"@id\":\"https:\/\/vality.com.mx\/producto\/kit-laboral\/#primaryimage\"},\"thumbnailUrl\":\"https:\/\/vality.com.mx\/wp-content\/uploads\/2025\/04\/KIT-LABORAL.jpg\",\"datePublished\":\"2025-04-10T02:41:30+00:00\",\"dateModified\":\"2026-02-26T02:06:33+00:00\",\"description\":\"No pongas en riesgo lo que has construido. El Blindaje Laboral Premium te brinda contratos, formatos esenciales y una Evaluaci\u00f3n de Riesgos Laborales para identificar vulnerabilidades y proteger tu empresa de demandas y sanciones.\",\"breadcrumb\":{\"@id\":\"https:\/\/vality.com.mx\/producto\/kit-laboral\/#breadcrumb\"},\"inLanguage\":\"en-US\",\"potentialAction\":[{\"@type\":\"ReadAction\",\"target\":[\"https:\/\/vality.com.mx\/producto\/kit-laboral\/\"]}]},{\"@type\":\"ImageObject\",\"inLanguage\":\"en-US\",\"@id\":\"https:\/\/vality.com.mx\/producto\/kit-laboral\/#primaryimage\",\"url\":\"https:\/\/vality.com.mx\/wp-content\/uploads\/2025\/04\/KIT-LABORAL.jpg\",\"contentUrl\":\"https:\/\/vality.com.mx\/wp-content\/uploads\/2025\/04\/KIT-LABORAL.jpg\",\"width\":1080,\"height\":1080},{\"@type\":\"BreadcrumbList\",\"@id\":\"https:\/\/vality.com.mx\/producto\/kit-laboral\/#breadcrumb\",\"itemListElement\":[{\"@type\":\"ListItem\",\"position\":1,\"name\":\"Portada\",\"item\":\"https:\/\/vality.com.mx\/en\/\"},{\"@type\":\"ListItem\",\"position\":2,\"name\":\"Tienda\",\"item\":\"https:\/\/vality.com.mx\/cursos\/\"},{\"@type\":\"ListItem\",\"position\":3,\"name\":\"Kit Laboral PRO ( Implementaci\u00f3n)\"}]},{\"@type\":\"WebSite\",\"@id\":\"https:\/\/vality.com.mx\/#website\",\"url\":\"https:\/\/vality.com.mx\/\",\"name\":\"Vality Consulting Group\",\"description\":\"Firma Legal especializada Derecho Corporativo, Derecho de las empresas\",\"publisher\":{\"@id\":\"https:\/\/vality.com.mx\/#organization\"},\"potentialAction\":[{\"@type\":\"SearchAction\",\"target\":{\"@type\":\"EntryPoint\",\"urlTemplate\":\"https:\/\/vality.com.mx\/?s={search_term_string}\"},\"query-input\":{\"@type\":\"PropertyValueSpecification\",\"valueRequired\":true,\"valueName\":\"search_term_string\"}}],\"inLanguage\":\"en-US\"},{\"@type\":\"Organization\",\"@id\":\"https:\/\/vality.com.mx\/#organization\",\"name\":\"Vality Consulting Group\",\"url\":\"https:\/\/vality.com.mx\/\",\"logo\":{\"@type\":\"ImageObject\",\"inLanguage\":\"en-US\",\"@id\":\"https:\/\/vality.com.mx\/#\/schema\/logo\/image\/\",\"url\":\"https:\/\/vality.com.mx\/wp-content\/uploads\/2020\/10\/cropped-Logotipo-color.png\",\"contentUrl\":\"https:\/\/vality.com.mx\/wp-content\/uploads\/2020\/10\/cropped-Logotipo-color.png\",\"width\":1210,\"height\":978,\"caption\":\"Vality Consulting Group\"},\"image\":{\"@id\":\"https:\/\/vality.com.mx\/#\/schema\/logo\/image\/\"}}]}<\/script>\n<!-- \/ Yoast SEO plugin. -->","yoast_head_json":{"title":"Kit Laboral PRO ( Implementaci\u00f3n) - Vality Consulting Group","description":"No pongas en riesgo lo que has construido. El Blindaje Laboral Premium te brinda contratos, formatos esenciales y una Evaluaci\u00f3n de Riesgos Laborales para identificar vulnerabilidades y proteger tu empresa de demandas y sanciones.","robots":{"index":"index","follow":"follow","max-snippet":"max-snippet:-1","max-image-preview":"max-image-preview:large","max-video-preview":"max-video-preview:-1"},"canonical":"https:\/\/vality.com.mx\/producto\/kit-laboral\/","og_locale":"en_US","og_type":"article","og_title":"Kit Laboral PRO ( Implementaci\u00f3n) - Vality Consulting Group","og_description":"No pongas en riesgo lo que has construido. El Blindaje Laboral Premium te brinda contratos, formatos esenciales y una Evaluaci\u00f3n de Riesgos Laborales para identificar vulnerabilidades y proteger tu empresa de demandas y sanciones.","og_url":"https:\/\/vality.com.mx\/producto\/kit-laboral\/","og_site_name":"Vality Consulting Group","article_modified_time":"2026-02-26T02:06:33+00:00","og_image":[{"width":1080,"height":1080,"url":"https:\/\/vality.com.mx\/wp-content\/uploads\/2025\/04\/KIT-LABORAL.jpg","type":"image\/jpeg"}],"twitter_card":"summary_large_image","twitter_misc":{"Est. reading time":"2 minutes"},"schema":{"@context":"https:\/\/schema.org","@graph":[{"@type":"WebPage","@id":"https:\/\/vality.com.mx\/producto\/kit-laboral\/","url":"https:\/\/vality.com.mx\/producto\/kit-laboral\/","name":"Kit Laboral PRO ( Implementaci\u00f3n) - Vality Consulting Group","isPartOf":{"@id":"https:\/\/vality.com.mx\/#website"},"primaryImageOfPage":{"@id":"https:\/\/vality.com.mx\/producto\/kit-laboral\/#primaryimage"},"image":{"@id":"https:\/\/vality.com.mx\/producto\/kit-laboral\/#primaryimage"},"thumbnailUrl":"https:\/\/vality.com.mx\/wp-content\/uploads\/2025\/04\/KIT-LABORAL.jpg","datePublished":"2025-04-10T02:41:30+00:00","dateModified":"2026-02-26T02:06:33+00:00","description":"No pongas en riesgo lo que has construido. El Blindaje Laboral Premium te brinda contratos, formatos esenciales y una Evaluaci\u00f3n de Riesgos Laborales para identificar vulnerabilidades y proteger tu empresa de demandas y sanciones.","breadcrumb":{"@id":"https:\/\/vality.com.mx\/producto\/kit-laboral\/#breadcrumb"},"inLanguage":"en-US","potentialAction":[{"@type":"ReadAction","target":["https:\/\/vality.com.mx\/producto\/kit-laboral\/"]}]},{"@type":"ImageObject","inLanguage":"en-US","@id":"https:\/\/vality.com.mx\/producto\/kit-laboral\/#primaryimage","url":"https:\/\/vality.com.mx\/wp-content\/uploads\/2025\/04\/KIT-LABORAL.jpg","contentUrl":"https:\/\/vality.com.mx\/wp-content\/uploads\/2025\/04\/KIT-LABORAL.jpg","width":1080,"height":1080},{"@type":"BreadcrumbList","@id":"https:\/\/vality.com.mx\/producto\/kit-laboral\/#breadcrumb","itemListElement":[{"@type":"ListItem","position":1,"name":"Portada","item":"https:\/\/vality.com.mx\/en\/"},{"@type":"ListItem","position":2,"name":"Tienda","item":"https:\/\/vality.com.mx\/cursos\/"},{"@type":"ListItem","position":3,"name":"Kit Laboral PRO ( Implementaci\u00f3n)"}]},{"@type":"WebSite","@id":"https:\/\/vality.com.mx\/#website","url":"https:\/\/vality.com.mx\/","name":"Vality Consulting Group","description":"Firma Legal especializada Derecho Corporativo, Derecho de las empresas","publisher":{"@id":"https:\/\/vality.com.mx\/#organization"},"potentialAction":[{"@type":"SearchAction","target":{"@type":"EntryPoint","urlTemplate":"https:\/\/vality.com.mx\/?s={search_term_string}"},"query-input":{"@type":"PropertyValueSpecification","valueRequired":true,"valueName":"search_term_string"}}],"inLanguage":"en-US"},{"@type":"Organization","@id":"https:\/\/vality.com.mx\/#organization","name":"Vality Consulting Group","url":"https:\/\/vality.com.mx\/","logo":{"@type":"ImageObject","inLanguage":"en-US","@id":"https:\/\/vality.com.mx\/#\/schema\/logo\/image\/","url":"https:\/\/vality.com.mx\/wp-content\/uploads\/2020\/10\/cropped-Logotipo-color.png","contentUrl":"https:\/\/vality.com.mx\/wp-content\/uploads\/2020\/10\/cropped-Logotipo-color.png","width":1210,"height":978,"caption":"Vality Consulting Group"},"image":{"@id":"https:\/\/vality.com.mx\/#\/schema\/logo\/image\/"}}]}},"_links":{"self":[{"href":"https:\/\/vality.com.mx\/en\/wp-json\/wp\/v2\/product\/7555","targetHints":{"allow":["GET"]}}],"collection":[{"href":"https:\/\/vality.com.mx\/en\/wp-json\/wp\/v2\/product"}],"about":[{"href":"https:\/\/vality.com.mx\/en\/wp-json\/wp\/v2\/types\/product"}],"replies":[{"embeddable":true,"href":"https:\/\/vality.com.mx\/en\/wp-json\/wp\/v2\/comments?post=7555"}],"wp:featuredmedia":[{"embeddable":true,"href":"https:\/\/vality.com.mx\/en\/wp-json\/wp\/v2\/media\/7699"}],"wp:attachment":[{"href":"https:\/\/vality.com.mx\/en\/wp-json\/wp\/v2\/media?parent=7555"}],"wp:term":[{"taxonomy":"product_brand","embeddable":true,"href":"https:\/\/vality.com.mx\/en\/wp-json\/wp\/v2\/product_brand?post=7555"},{"taxonomy":"product_cat","embeddable":true,"href":"https:\/\/vality.com.mx\/en\/wp-json\/wp\/v2\/product_cat?post=7555"},{"taxonomy":"product_tag","embeddable":true,"href":"https:\/\/vality.com.mx\/en\/wp-json\/wp\/v2\/product_tag?post=7555"}],"curies":[{"name":"wp","href":"https:\/\/api.w.org\/{rel}","templated":true}]}}